{"id":2859,"date":"2020-09-18T10:01:58","date_gmt":"2020-09-18T10:01:58","guid":{"rendered":"https:\/\/firstsight.design\/cherie\/beauty\/?post_type=product&#038;p=2859"},"modified":"2024-01-27T05:32:16","modified_gmt":"2024-01-27T05:32:16","slug":"e-gift-card","status":"publish","type":"product","link":"https:\/\/cliniqueluan.com\/fr\/produit\/e-gift-card\/","title":{"rendered":"Carte-cadeau \u00e9lectronique"},"content":{"rendered":"","protected":false},"excerpt":{"rendered":"<p>Offrez l'Exp\u00e9rience de Relaxation Ultime avec Nos Cartes-Cadeaux de Massoth\u00e9rapie Polyvalentes! Vous avez du mal \u00e0 trouver le cadeau parfait? Ne cherchez plus! Nos Cartes-Cadeaux de Massoth\u00e9rapie sont le choix id\u00e9al pour tous ceux qui recherchent relaxation et rajeunissement. Sans date d'expiration, ces cartes offrent la flexibilit\u00e9 de profiter de notre gamme compl\u00e8te de services \u00e0 la convenance de votre destinataire. Optez pour un format \u00e9lectronique \u00e9cologique, personnalisable en valeur pour s'adapter \u00e0 votre budget. Personnalisez votre cadeau avec un message du c\u0153ur, le rendant un geste unique et attentionn\u00e9. Choisissez aujourd'hui nos Cartes-Cadeaux de Massoth\u00e9rapie et choyez vos proches avec le cadeau de la relaxation ultime !<\/p>","protected":false},"featured_media":4201,"comment_status":"open","ping_status":"closed","template":"","meta":{"_acf_changed":false,"inline_featured_image":false,"_monsterinsights_skip_tracking":false,"_monsterinsights_sitenote_active":false,"_monsterinsights_sitenote_note":"","_monsterinsights_sitenote_category":0},"product_cat":[135,136,137,138,141],"product_tag":[],"acf":[],"aioseo_notices":[],"_links":{"self":[{"href":"https:\/\/cliniqueluan.com\/fr\/wp-json\/wp\/v2\/product\/2859"}],"collection":[{"href":"https:\/\/cliniqueluan.com\/fr\/wp-json\/wp\/v2\/product"}],"about":[{"href":"https:\/\/cliniqueluan.com\/fr\/wp-json\/wp\/v2\/types\/product"}],"replies":[{"embeddable":true,"href":"https:\/\/cliniqueluan.com\/fr\/wp-json\/wp\/v2\/comments?post=2859"}],"wp:featuredmedia":[{"embeddable":true,"href":"https:\/\/cliniqueluan.com\/fr\/wp-json\/wp\/v2\/media\/4201"}],"wp:attachment":[{"href":"https:\/\/cliniqueluan.com\/fr\/wp-json\/wp\/v2\/media?parent=2859"}],"wp:term":[{"taxonomy":"product_cat","embeddable":true,"href":"https:\/\/cliniqueluan.com\/fr\/wp-json\/wp\/v2\/product_cat?post=2859"},{"taxonomy":"product_tag","embeddable":true,"href":"https:\/\/cliniqueluan.com\/fr\/wp-json\/wp\/v2\/product_tag?post=2859"}],"curies":[{"name":"wp","href":"https:\/\/api.w.org\/{rel}","templated":true}]}}