{"id":4283,"date":"2024-01-27T06:57:02","date_gmt":"2024-01-27T06:57:02","guid":{"rendered":"http:\/\/cliniqueluan.com\/?page_id=4283"},"modified":"2024-01-27T07:04:16","modified_gmt":"2024-01-27T07:04:16","slug":"techniques","status":"publish","type":"page","link":"https:\/\/cliniqueluan.com\/fr\/techniques\/","title":{"rendered":"Techniques"},"content":{"rendered":"<div data-elementor-type=\"wp-page\" data-elementor-id=\"4283\" class=\"elementor elementor-4283\">\n\t\t\t\t<div class=\"elementor-element elementor-element-c05c6db e-flex e-con-boxed e-con e-parent\" data-id=\"c05c6db\" data-element_type=\"container\">\n\t\t\t\t\t<div class=\"e-con-inner\">\n\t\t<div class=\"elementor-element elementor-element-030f93f e-con-full e-flex e-con e-child\" data-id=\"030f93f\" data-element_type=\"container\">\n\t\t\t\t<div class=\"elementor-element elementor-element-632716f elementor-widget elementor-widget-text-editor\" data-id=\"632716f\" data-element_type=\"widget\" data-widget_type=\"text-editor.default\">\n\t\t\t\t<div class=\"elementor-widget-container\">\n\t\t\t\t\t\t\t\t\t<h3 style=\"text-align: center;\"><img fetchpriority=\"high\" decoding=\"async\" class=\"alignnone size-medium wp-image-4167\" src=\"http:\/\/cliniqueluan.com\/wp-content\/uploads\/2024\/01\/20230308_135142-225x300.jpg\" alt=\"\" width=\"225\" height=\"300\" srcset=\"https:\/\/cliniqueluan.com\/wp-content\/uploads\/2024\/01\/20230308_135142-225x300.jpg 225w, https:\/\/cliniqueluan.com\/wp-content\/uploads\/2024\/01\/20230308_135142-768x1024.jpg 768w, https:\/\/cliniqueluan.com\/wp-content\/uploads\/2024\/01\/20230308_135142-1152x1536.jpg 1152w, https:\/\/cliniqueluan.com\/wp-content\/uploads\/2024\/01\/20230308_135142-1536x2048.jpg 1536w, https:\/\/cliniqueluan.com\/wp-content\/uploads\/2024\/01\/20230308_135142-600x800.jpg 600w, https:\/\/cliniqueluan.com\/wp-content\/uploads\/2024\/01\/20230308_135142-120x160.jpg 120w, https:\/\/cliniqueluan.com\/wp-content\/uploads\/2024\/01\/20230308_135142-scaled.jpg 1920w\" sizes=\"(max-width: 225px) 100vw, 225px\" \/><\/h3><h3 style=\"text-align: center;\">Massage Su\u00e9dois International\u00ae<\/h3><p style=\"text-align: center;\">Le massage su\u00e9dois est une technique polyvalente offrant de nombreux avantages. \u00c0 la fois tonifiant et relaxant pour les muscles, cette technique augmente \u00e9galement le flux sanguin et lymphatique ainsi que l'\u00e9limination des toxines. Elle peut \u00eatre pratiqu\u00e9e \u00e0 des fins th\u00e9rapeutiques ou de relaxation. Le massoth\u00e9rapeute adaptera le rythme et la profondeur de ses proc\u00e9dures en fonction des besoins du client.<\/p>\t\t\t\t\t\t\t\t<\/div>\n\t\t\t\t<\/div>\n\t\t\t\t<\/div>\n\t\t<div class=\"elementor-element elementor-element-373547e e-con-full e-flex e-con e-child\" data-id=\"373547e\" data-element_type=\"container\">\n\t\t\t\t<div class=\"elementor-element elementor-element-6d2aa44 elementor-widget elementor-widget-text-editor\" data-id=\"6d2aa44\" data-element_type=\"widget\" data-widget_type=\"text-editor.default\">\n\t\t\t\t<div class=\"elementor-widget-container\">\n\t\t\t\t\t\t\t\t\t<p><img decoding=\"async\" class=\"size-medium wp-image-4181 aligncenter\" src=\"http:\/\/cliniqueluan.com\/wp-content\/uploads\/2024\/01\/20230308_140818-225x300.jpg\" alt=\"\" width=\"225\" height=\"300\" srcset=\"https:\/\/cliniqueluan.com\/wp-content\/uploads\/2024\/01\/20230308_140818-225x300.jpg 225w, https:\/\/cliniqueluan.com\/wp-content\/uploads\/2024\/01\/20230308_140818-768x1024.jpg 768w, https:\/\/cliniqueluan.com\/wp-content\/uploads\/2024\/01\/20230308_140818-1152x1536.jpg 1152w, https:\/\/cliniqueluan.com\/wp-content\/uploads\/2024\/01\/20230308_140818-1536x2048.jpg 1536w, https:\/\/cliniqueluan.com\/wp-content\/uploads\/2024\/01\/20230308_140818-600x800.jpg 600w, https:\/\/cliniqueluan.com\/wp-content\/uploads\/2024\/01\/20230308_140818-120x160.jpg 120w, https:\/\/cliniqueluan.com\/wp-content\/uploads\/2024\/01\/20230308_140818-scaled.jpg 1920w\" sizes=\"(max-width: 225px) 100vw, 225px\" \/><\/p><h3 class=\"elementor-image-box-title elementor-inline-editing pen\" style=\"text-align: center;\" contenteditable=\"true\" data-elementor-setting-key=\"title_text\" data-elementor-inline-editing-toolbar=\"none\" data-pen-placeholder=\"Type Here...\">Californien<\/h3><p style=\"text-align: center;\">Le massage californien se caract\u00e9rise par de longs mouvements fluides et doux qui sculptent et enveloppent le corps, permettant au client de le r\u00e9clamer et de prendre conscience de celui-ci. Pendant le soin, le massoth\u00e9rapeute, qui agit comme une pr\u00e9sence rassurante, reste toujours en contact direct avec le client. Il permet au client de soulager le stress, de se recentrer et de se d\u00e9tendre profond\u00e9ment.<\/p>\t\t\t\t\t\t\t\t<\/div>\n\t\t\t\t<\/div>\n\t\t\t\t<\/div>\n\t\t\t\t\t<\/div>\n\t\t\t\t<\/div>\n\t\t<div class=\"elementor-element elementor-element-4c01e06 e-flex e-con-boxed e-con e-parent\" data-id=\"4c01e06\" data-element_type=\"container\">\n\t\t\t\t\t<div class=\"e-con-inner\">\n\t\t<div class=\"elementor-element elementor-element-51217ce e-con-full e-flex e-con e-child\" data-id=\"51217ce\" data-element_type=\"container\">\n\t\t\t\t<div class=\"elementor-element elementor-element-13cd921 elementor-widget elementor-widget-text-editor\" data-id=\"13cd921\" data-element_type=\"widget\" data-widget_type=\"text-editor.default\">\n\t\t\t\t<div class=\"elementor-widget-container\">\n\t\t\t\t\t\t\t\t\t<h3 style=\"text-align: center;\"><img decoding=\"async\" class=\"alignnone size-medium wp-image-4174 aligncenter\" src=\"http:\/\/cliniqueluan.com\/wp-content\/uploads\/2024\/01\/20230308_135404-225x300.jpg\" alt=\"\" width=\"225\" height=\"300\" srcset=\"https:\/\/cliniqueluan.com\/wp-content\/uploads\/2024\/01\/20230308_135404-225x300.jpg 225w, https:\/\/cliniqueluan.com\/wp-content\/uploads\/2024\/01\/20230308_135404-768x1024.jpg 768w, https:\/\/cliniqueluan.com\/wp-content\/uploads\/2024\/01\/20230308_135404-1152x1536.jpg 1152w, https:\/\/cliniqueluan.com\/wp-content\/uploads\/2024\/01\/20230308_135404-1536x2048.jpg 1536w, https:\/\/cliniqueluan.com\/wp-content\/uploads\/2024\/01\/20230308_135404-600x800.jpg 600w, https:\/\/cliniqueluan.com\/wp-content\/uploads\/2024\/01\/20230308_135404-120x160.jpg 120w, https:\/\/cliniqueluan.com\/wp-content\/uploads\/2024\/01\/20230308_135404-scaled.jpg 1920w\" sizes=\"(max-width: 225px) 100vw, 225px\" \/><br \/>Lomi-Lomi<\/h3><p style=\"text-align: center;\">Originaire de l'\u00eele d'Hawa\u00ef, le massage lomi-lomi \u00e9tait traditionnellement pratiqu\u00e9 par des gu\u00e9risseurs ma\u00eetres cherchant \u00e0 recr\u00e9er l'harmonie des quatre \u00e9l\u00e9ments et \u00e0 faciliter le passage entre les diff\u00e9rentes phases de la vie chez les personnes b\u00e9n\u00e9ficiant de ce traitement. Imitant le mouvement des vagues, ce massage vous emm\u00e8nera dans une profonde relaxation du corps et de l'esprit.<\/p>\t\t\t\t\t\t\t\t<\/div>\n\t\t\t\t<\/div>\n\t\t\t\t<\/div>\n\t\t<div class=\"elementor-element elementor-element-15c91aa e-con-full e-flex e-con e-child\" data-id=\"15c91aa\" data-element_type=\"container\">\n\t\t\t\t<div class=\"elementor-element elementor-element-7c47d0f elementor-widget elementor-widget-text-editor\" data-id=\"7c47d0f\" data-element_type=\"widget\" data-widget_type=\"text-editor.default\">\n\t\t\t\t<div class=\"elementor-widget-container\">\n\t\t\t\t\t\t\t\t\t<p style=\"text-align: center;\"><img loading=\"lazy\" decoding=\"async\" class=\"alignnone size-medium wp-image-4183\" src=\"http:\/\/cliniqueluan.com\/wp-content\/uploads\/2024\/01\/20230308_141703-225x300.jpg\" alt=\"\" width=\"225\" height=\"300\" srcset=\"https:\/\/cliniqueluan.com\/wp-content\/uploads\/2024\/01\/20230308_141703-225x300.jpg 225w, https:\/\/cliniqueluan.com\/wp-content\/uploads\/2024\/01\/20230308_141703-768x1024.jpg 768w, https:\/\/cliniqueluan.com\/wp-content\/uploads\/2024\/01\/20230308_141703-1152x1536.jpg 1152w, https:\/\/cliniqueluan.com\/wp-content\/uploads\/2024\/01\/20230308_141703-1536x2048.jpg 1536w, https:\/\/cliniqueluan.com\/wp-content\/uploads\/2024\/01\/20230308_141703-600x800.jpg 600w, https:\/\/cliniqueluan.com\/wp-content\/uploads\/2024\/01\/20230308_141703-120x160.jpg 120w, https:\/\/cliniqueluan.com\/wp-content\/uploads\/2024\/01\/20230308_141703-scaled.jpg 1920w\" sizes=\"(max-width: 225px) 100vw, 225px\" \/>\u00a0<\/p><p style=\"text-align: center;\"><strong>Massage par ventouses<\/strong><\/p><p style=\"text-align: center;\">Le massage californien se caract\u00e9rise par de longs mouvements fluides et doux qui sculptent et enveloppent le corps, permettant au client de le r\u00e9clamer et de prendre conscience de celui-ci. Pendant le soin, le massoth\u00e9rapeute, qui agit comme une pr\u00e9sence rassurante, reste toujours en contact direct avec le client. Il permet au client de soulager le stress, de se recentrer et de se d\u00e9tendre profond\u00e9ment.<\/p>\t\t\t\t\t\t\t\t<\/div>\n\t\t\t\t<\/div>\n\t\t\t\t<\/div>\n\t\t\t\t\t<\/div>\n\t\t\t\t<\/div>\n\t\t<div class=\"elementor-element elementor-element-8bbc227 e-flex e-con-boxed e-con e-parent\" data-id=\"8bbc227\" data-element_type=\"container\">\n\t\t\t\t\t<div class=\"e-con-inner\">\n\t\t<div class=\"elementor-element elementor-element-dacd30d e-con-full e-flex e-con e-child\" data-id=\"dacd30d\" data-element_type=\"container\">\n\t\t\t\t<div class=\"elementor-element elementor-element-8750eba elementor-widget elementor-widget-text-editor\" data-id=\"8750eba\" data-element_type=\"widget\" data-widget_type=\"text-editor.default\">\n\t\t\t\t<div class=\"elementor-widget-container\">\n\t\t\t\t\t\t\t\t\t<h3><img loading=\"lazy\" decoding=\"async\" class=\"size-full wp-image-4291 aligncenter\" src=\"http:\/\/cliniqueluan.com\/wp-content\/uploads\/2024\/01\/Aromatherapy.jpg\" alt=\"\" width=\"300\" height=\"205\" srcset=\"https:\/\/cliniqueluan.com\/wp-content\/uploads\/2024\/01\/Aromatherapy.jpg 300w, https:\/\/cliniqueluan.com\/wp-content\/uploads\/2024\/01\/Aromatherapy-120x82.jpg 120w\" sizes=\"(max-width: 300px) 100vw, 300px\" \/><\/h3><h3 style=\"text-align: center;\">Aromath\u00e9rapie<\/h3><p style=\"text-align: center;\">Les huiles essentielles ont diff\u00e9rentes propri\u00e9t\u00e9s en fonction des plantes dont elles proviennent. En les int\u00e9grant \u00e0 la massoth\u00e9rapie, l'efficacit\u00e9 des soins peut \u00eatre augment\u00e9e, gr\u00e2ce \u00e0 la synergie entre les deux. En raison de leurs effets analg\u00e9siques, anesth\u00e9siants, antispasmodiques et anti-inflammatoires, elles sont utilis\u00e9es dans le domaine physiologique pour soulager les douleurs musculaires, articulaires et rhumatismales.<\/p>\t\t\t\t\t\t\t\t<\/div>\n\t\t\t\t<\/div>\n\t\t\t\t<\/div>\n\t\t<div class=\"elementor-element elementor-element-40e1ee3 e-con-full e-flex e-con e-child\" data-id=\"40e1ee3\" data-element_type=\"container\">\n\t\t\t\t<\/div>\n\t\t\t\t\t<\/div>\n\t\t\t\t<\/div>\n\t\t\t\t<\/div>","protected":false},"excerpt":{"rendered":"<p>International Swedish Massage\u00ae The Swedish massage is a versatile technique providing many benefits. Both toning and relaxing for muscles, this technique also increases blood and lymphatic flow as well as toxins\u2019 elimination. It can be practiced both for therapeutic or relaxation purposes. The massage therapist will tailor the rhythm and depth of his procedures according [&hellip;]<\/p>","protected":false},"author":1,"featured_media":0,"parent":0,"menu_order":0,"comment_status":"closed","ping_status":"closed","template":"","meta":{"_acf_changed":false,"inline_featured_image":false,"_monsterinsights_skip_tracking":false,"_monsterinsights_sitenote_active":false,"_monsterinsights_sitenote_note":"","_monsterinsights_sitenote_category":0,"footnotes":""},"acf":[],"aioseo_notices":[],"_links":{"self":[{"href":"https:\/\/cliniqueluan.com\/fr\/wp-json\/wp\/v2\/pages\/4283"}],"collection":[{"href":"https:\/\/cliniqueluan.com\/fr\/wp-json\/wp\/v2\/pages"}],"about":[{"href":"https:\/\/cliniqueluan.com\/fr\/wp-json\/wp\/v2\/types\/page"}],"author":[{"embeddable":true,"href":"https:\/\/cliniqueluan.com\/fr\/wp-json\/wp\/v2\/users\/1"}],"replies":[{"embeddable":true,"href":"https:\/\/cliniqueluan.com\/fr\/wp-json\/wp\/v2\/comments?post=4283"}],"version-history":[{"count":10,"href":"https:\/\/cliniqueluan.com\/fr\/wp-json\/wp\/v2\/pages\/4283\/revisions"}],"predecessor-version":[{"id":4294,"href":"https:\/\/cliniqueluan.com\/fr\/wp-json\/wp\/v2\/pages\/4283\/revisions\/4294"}],"wp:attachment":[{"href":"https:\/\/cliniqueluan.com\/fr\/wp-json\/wp\/v2\/media?parent=4283"}],"curies":[{"name":"wp","href":"https:\/\/api.w.org\/{rel}","templated":true}]}}