{"id":2859,"date":"2020-09-18T10:01:58","date_gmt":"2020-09-18T10:01:58","guid":{"rendered":"https:\/\/firstsight.design\/cherie\/beauty\/?post_type=product&#038;p=2859"},"modified":"2024-01-27T05:32:16","modified_gmt":"2024-01-27T05:32:16","slug":"e-gift-card","status":"publish","type":"product","link":"https:\/\/cliniqueluan.com\/es\/producto\/e-gift-card\/","title":{"rendered":"Tarjeta de regalo electr\u00f3nica"},"content":{"rendered":"","protected":false},"excerpt":{"rendered":"<p>\u00a1Regala la Experiencia de Relajaci\u00f3n Definitiva con Nuestras Vers\u00e1tiles Tarjetas de Regalo de Masoterapia! \u00bfTienes dificultades para encontrar el regalo perfecto? \u00a1No busques m\u00e1s! Nuestras Tarjetas de Regalo de Masoterapia son la elecci\u00f3n ideal para cualquiera que busque relajaci\u00f3n y rejuvenecimiento. Sin fecha de vencimiento, estas tarjetas ofrecen la flexibilidad de disfrutar de nuestra completa gama de servicios en la conveniencia de tu agasajado. Elige un formato electr\u00f3nico ecol\u00f3gico, personalizable en valor para adaptarse a tu presupuesto. Personaliza tu regalo con un mensaje sincero, convirti\u00e9ndolo en un gesto \u00fanico y considerado. \u00a1Elige hoy nuestras Tarjetas de Regalo de Masoterapia y mima a tus seres queridos con el regalo de la relajaci\u00f3n definitiva!<\/p>","protected":false},"featured_media":4201,"comment_status":"open","ping_status":"closed","template":"","meta":{"_acf_changed":false,"inline_featured_image":false,"_monsterinsights_skip_tracking":false,"_monsterinsights_sitenote_active":false,"_monsterinsights_sitenote_note":"","_monsterinsights_sitenote_category":0},"product_cat":[135,136,137,138,141],"product_tag":[],"acf":[],"aioseo_notices":[],"_links":{"self":[{"href":"https:\/\/cliniqueluan.com\/es\/wp-json\/wp\/v2\/product\/2859"}],"collection":[{"href":"https:\/\/cliniqueluan.com\/es\/wp-json\/wp\/v2\/product"}],"about":[{"href":"https:\/\/cliniqueluan.com\/es\/wp-json\/wp\/v2\/types\/product"}],"replies":[{"embeddable":true,"href":"https:\/\/cliniqueluan.com\/es\/wp-json\/wp\/v2\/comments?post=2859"}],"wp:featuredmedia":[{"embeddable":true,"href":"https:\/\/cliniqueluan.com\/es\/wp-json\/wp\/v2\/media\/4201"}],"wp:attachment":[{"href":"https:\/\/cliniqueluan.com\/es\/wp-json\/wp\/v2\/media?parent=2859"}],"wp:term":[{"taxonomy":"product_cat","embeddable":true,"href":"https:\/\/cliniqueluan.com\/es\/wp-json\/wp\/v2\/product_cat?post=2859"},{"taxonomy":"product_tag","embeddable":true,"href":"https:\/\/cliniqueluan.com\/es\/wp-json\/wp\/v2\/product_tag?post=2859"}],"curies":[{"name":"wp","href":"https:\/\/api.w.org\/{rel}","templated":true}]}}