{"id":821,"date":"2020-07-03T10:56:25","date_gmt":"2020-07-03T10:56:25","guid":{"rendered":"https:\/\/firstsight.design\/cherie\/beauty\/?page_id=821"},"modified":"2024-02-27T00:17:21","modified_gmt":"2024-02-27T00:17:21","slug":"about-us","status":"publish","type":"page","link":"https:\/\/cliniqueluan.com\/es\/about-us\/","title":{"rendered":"Sobre nosotros"},"content":{"rendered":"<div data-elementor-type=\"wp-page\" data-elementor-id=\"821\" class=\"elementor elementor-821\">\n\t\t\t\t\t\t<section class=\"elementor-section elementor-top-section elementor-element elementor-element-5daa2b7f elementor-section-full_width elementor-section-height-default elementor-section-height-default\" data-id=\"5daa2b7f\" data-element_type=\"section\">\n\t\t\t\t\t\t<div class=\"elementor-container elementor-column-gap-default\">\n\t\t\t\t\t<div class=\"elementor-column elementor-col-100 elementor-top-column elementor-element elementor-element-592a000\" data-id=\"592a000\" data-element_type=\"column\">\n\t\t\t<div class=\"elementor-widget-wrap elementor-element-populated\">\n\t\t\t\t\t\t<div class=\"elementor-element elementor-element-645a13a6 elementor-widget elementor-widget-art-ordinary-page-header\" data-id=\"645a13a6\" data-element_type=\"widget\" data-widget_type=\"art-ordinary-page-header.default\">\n\t\t\t\t<div class=\"elementor-widget-container\">\n\t\t\t\t\t\n\t\t<div class=\"art-ordinary-page-header\" style=\"background-image:url(https:\/\/firstsight.design\/cherie\/beauty\/wp-content\/uploads\/2020\/07\/Our-Story-Hero.png)\">\n\n\t\t\t<div class=\"container\">\n\n\t\t\t\t<div class=\"art-ordinary-page-data\" style=\"text-align:center\">\n\n\t\t\t\t\t<h1 class=\"art-page-header-title\">On prend soin de vous<\/h1>\n\n                                            <div class=\"art-page-header-description\">\n                            <p>Masoterapia LUAN es un santuario de relajaci\u00f3n y rejuvenecimiento, fundado en 2022, un masajista certificado y miembro del RMPQ (Red de Masajistas Profesionales de Quebec).<br \/>We believe that everyone deserves to experience the benefits of massage therapy, which is why we offer a range of therapeutic treatments to suit your unique needs. Our goal is to create a harmonious, comfortable, and safe space where you can unwind and reconnect with your mind, body, and spirit.<br \/>At Massoth\u00e9rapie LUAN, we hold ourselves to the highest standards of professionalism and integrity. We treat each guest with the utmost respect and care, and we value your privacy and well-being above all else. Our therapist is knowledgeable and skilled, and they will work with you to develop a customized treatment plan that addresses your specific concerns.<br \/>We believe that massage therapy is a powerful tool for achieving optimal health and wellness. Whether you\u2019re seeking relief from chronic pain, stress, or muscle tension, or simply looking to unwind and recharge, we invite you to experience the serenity and ease of Massoth\u00e9rapie LUAN services for yourself. Come, relax, and let us help you find your inner balance and peace.<\/p>                        <\/div>\n                    \n\t\t\t\t<\/div>\n\n\t\t\t<\/div>\n\n\t\t<\/div>\n\n\t\t\t\t\t\t<\/div>\n\t\t\t\t<\/div>\n\t\t\t\t\t<\/div>\n\t\t<\/div>\n\t\t\t\t\t<\/div>\n\t\t<\/section>\n\t\t\t\t<section class=\"elementor-section elementor-top-section elementor-element elementor-element-da554ae elementor-section-boxed elementor-section-height-default elementor-section-height-default\" data-id=\"da554ae\" data-element_type=\"section\">\n\t\t\t\t\t\t<div class=\"elementor-container elementor-column-gap-default\">\n\t\t\t\t\t<div class=\"elementor-column elementor-col-100 elementor-top-column elementor-element elementor-element-1b8fd26\" data-id=\"1b8fd26\" data-element_type=\"column\">\n\t\t\t<div class=\"elementor-widget-wrap elementor-element-populated\">\n\t\t\t\t\t\t<div class=\"elementor-element elementor-element-d4779e2 elementor-widget elementor-widget-heading\" data-id=\"d4779e2\" data-element_type=\"widget\" data-widget_type=\"heading.default\">\n\t\t\t\t<div class=\"elementor-widget-container\">\n\t\t\t\t\t<h2 class=\"elementor-heading-title elementor-size-default\">T\u00e9cnicas<\/h2>\t\t\t\t<\/div>\n\t\t\t\t<\/div>\n\t\t\t\t\t<\/div>\n\t\t<\/div>\n\t\t\t\t\t<\/div>\n\t\t<\/section>\n\t\t\t\t<section class=\"elementor-section elementor-top-section elementor-element elementor-element-45924e9 elementor-section-boxed elementor-section-height-default elementor-section-height-default\" data-id=\"45924e9\" data-element_type=\"section\" data-settings=\"{&quot;background_background&quot;:&quot;classic&quot;}\">\n\t\t\t\t\t\t\t<div class=\"elementor-background-overlay\"><\/div>\n\t\t\t\t\t\t\t<div class=\"elementor-container elementor-column-gap-default\">\n\t\t\t\t\t<div class=\"elementor-column elementor-col-100 elementor-top-column elementor-element elementor-element-092c964\" data-id=\"092c964\" data-element_type=\"column\">\n\t\t\t<div class=\"elementor-widget-wrap elementor-element-populated\">\n\t\t\t\t\t\t<div class=\"elementor-element elementor-element-b7935ff elementor-widget elementor-widget-art-contact-info\" data-id=\"b7935ff\" data-element_type=\"widget\" data-widget_type=\"art-contact-info.default\">\n\t\t\t\t<div class=\"elementor-widget-container\">\n\t\t\t\t\t\n            <div class=\"art-contact-info-widget\">\n                                    <div class=\"col-md-4 art-item\">\n                        <div class=\"art-icon\"><svg xmlns=\"http:\/\/www.w3.org\/2000\/svg\" width=\"49\" height=\"48\" viewbox=\"0 0 49 48\" fill=\"none\"><path d=\"M20.9878 14.4C25.0878 20.9 21.6878 25.3 18.3878 27.4C15.0878 29.5 9.68777 30.5 5.68777 24C1.58777 17.5 0.487772 5.8 3.68777 3.8C6.98777 1.8 16.9878 7.9 20.9878 14.4Z\" fill=\"#F6EBE7\"><\/path><path d=\"M44.1879 37.3C40.1879 45.4 33.5879 44.7 29.5879 42.7C25.5879 40.7 20.9879 35.9 24.9879 27.8C28.9879 19.7 38.9879 11.4 44.0879 11.4C47.4879 14.5 48.1879 29.3 44.1879 37.3Z\" fill=\"#F6EBE7\"><\/path><path d=\"M20.9877 14.4C16.9877 7.9 6.98767 1.8 3.68767 3.8C0.487673 5.8 1.58767 17.5 5.58767 24C8.88767 29.3 13.1877 29.5 16.3877 28.3C16.9877 31.1 17.1877 34.3 16.9877 37.4L17.9877 37.5C18.1877 34.2 17.9877 30.9 17.3877 27.9C17.7877 27.7 18.0877 27.5 18.4877 27.3C21.6877 25.3 25.0877 20.9 20.9877 14.4ZM17.8877 26.5C17.6877 26.7 17.3877 26.8 17.0877 26.9C16.7877 25.6 16.3877 24.3 15.9877 23.1C15.2877 21.1 14.4877 19.4 13.6877 18.1C12.8877 16.8 11.9877 15.9 11.1877 15.5L10.7877 16.4C11.3877 16.6 12.0877 17.4 12.8877 18.6C13.6877 19.8 14.4877 21.5 15.0877 23.4C15.4877 24.6 15.8877 25.9 16.1877 27.3C15.0877 27.8 13.7877 28 12.3877 27.8C10.4877 27.6 8.28767 26.4 6.38767 23.4C4.58767 20.4 3.28767 16 2.88767 12.1C2.68767 10.2 2.78767 8.4 2.98767 7.1C3.28767 5.7 3.68767 4.9 4.18767 4.7C4.68767 4.4 5.48767 4.3 6.88767 4.7C8.28767 5 9.88767 5.7 11.4877 6.8C14.7877 8.8 18.1877 11.9 20.0877 15C21.9877 18 22.0877 20.5 21.3877 22.3C20.8877 24.1 19.3877 25.6 17.8877 26.5Z\" fill=\"black\"><\/path><path d=\"M44.0877 11.5C38.9877 11.5 29.0877 19.8 24.9877 27.9C21.5877 34.7 24.2877 39.1 27.5877 41.6C25.2877 43.5 22.7877 45 19.8877 45.6L20.0877 46.6C23.1877 45.9 25.9877 44.3 28.4877 42.2C28.8877 42.4 29.1877 42.6 29.5877 42.8C33.5877 44.8 40.1877 45.5 44.1877 37.4C48.1877 29.3 47.4877 14.5 44.0877 11.5ZM43.2877 36.9C41.3877 40.7 38.9877 42.3 36.6877 42.8C34.2877 43.3 31.8877 42.7 30.0877 41.8C29.7877 41.7 29.5877 41.5 29.2877 41.4C30.3877 40.4 31.2877 39.3 32.1877 38.2C35.1877 34.4 37.2877 30.1 37.9877 27.1L36.9877 26.9C36.2877 29.7 34.2877 33.9 31.2877 37.7C30.3877 38.8 29.3877 39.9 28.2877 40.9C26.9877 40 25.7877 38.8 25.0877 37.2C24.0877 35.1 23.8877 32.2 25.7877 28.3C27.6877 24.4 31.0877 20.4 34.6877 17.4C36.4877 15.9 38.2877 14.6 39.8877 13.8C41.3877 13 42.5877 12.6 43.5877 12.5C44.0877 13.1 44.5877 14.3 45.0877 15.9C45.5877 17.7 45.7877 20 45.8877 22.5C45.9877 27.5 45.1877 33.1 43.2877 36.9Z\" fill=\"black\"><\/path><\/svg><\/div>\n                        <h6 class=\"art-title\">Masaje Sueco Internacional\u00ae<\/h6>\n                        <div class=\"art-description art-body-two-font\"><\/div>\n                    <\/div>\n                                    <div class=\"col-md-4 art-item\">\n                        <div class=\"art-icon\"><svg xmlns=\"http:\/\/www.w3.org\/2000\/svg\" width=\"48\" height=\"48\" viewbox=\"0 0 48 48\" fill=\"none\"><g clip-path=\"url(#clip0)\"><path fill-rule=\"evenodd\" clip-rule=\"evenodd\" d=\"M14 1C11.2386 1 9 3.23858 9 6V23V25V33C9 40.732 15.268 47 23 47H25C32.732 47 39 40.732 39 33V25V23V6C39 3.23858 36.7614 1 34 1C31.2386 1 29 3.23858 29 6V19H19V6C19 3.23858 16.7614 1 14 1Z\" fill=\"#F6EBE7\"><\/path><circle cx=\"19\" cy=\"29\" r=\"1.5\" fill=\"white\" stroke=\"black\"><\/circle><circle cx=\"29\" cy=\"29\" r=\"1.5\" fill=\"white\" stroke=\"black\"><\/circle><rect x=\"23\" y=\"38\" width=\"1\" height=\"3\" fill=\"black\"><\/rect><rect x=\"20.6465\" y=\"36.3535\" width=\"1\" height=\"3.08573\" transform=\"rotate(-45 20.6465 36.3535)\" fill=\"black\"><\/rect><rect x=\"23.707\" y=\"38.8892\" width=\"1\" height=\"3.64218\" transform=\"rotate(-135 23.707 38.8892)\" fill=\"black\"><\/rect><path d=\"M13.5868 35.9236L3 33.9441\" stroke=\"black\"><\/path><path d=\"M33.9089 35.9236L44.4957 33.9441\" stroke=\"black\"><\/path><path d=\"M14.4957 40.5733L5 45.6558\" stroke=\"black\"><\/path><path d=\"M33 40.5733L42.4957 45.6558\" stroke=\"black\"><\/path><path fill-rule=\"evenodd\" clip-rule=\"evenodd\" d=\"M19 6C19 3.23858 16.7614 1 14 1C11.2386 1 9 3.23858 9 6L9 15L9 16L9 19.7143L9 32C9 40.2843 15.7157 47 24 47C32.2843 47 39 40.2843 39 32V19.7143L39 19.0001V18.0001L39 16L39 6C39 3.23858 36.7614 1 34 1C31.2386 1 29 3.23858 29 6V18.0001V19.0001H28.5859C29.5122 19.431 30.354 19.9885 31.0832 20.647C31.2102 20.7616 31.3337 20.8794 31.4537 21C31.7662 21.3142 32.0545 21.6484 32.3161 22H31.024H31.0218C30.8393 21.797 30.6457 21.602 30.4419 21.4155C28.8232 19.9348 26.557 19 24 19C21.4429 19 19.1766 19.9348 17.5579 21.4157C17.3542 21.6021 17.1607 21.7971 16.9782 22H16.9761H15.684C15.9455 21.6484 16.2338 21.3142 16.5463 21C16.6664 20.8793 16.7899 20.7615 16.917 20.6469C17.6461 19.9884 18.4879 19.431 19.4141 19.0001H19V18.0001V6ZM40 15V16L40 18.0001V19.0001L40 19.7143L40 32C40 40.8366 32.8366 48 24 48C15.1634 48 8 40.8365 8 32L8 19.7143L8 19.0001V18.0001V6C8 2.6863 10.6863 0 14 0C17.3137 0 20 2.68629 20 6V18.0001V18.7489C21.2249 18.2672 22.5778 18 24 18C25.4222 18 26.7751 18.2672 28 18.7489V18.0001V6C28 2.6863 30.6863 0 34 0C37.3137 0 40 2.68629 40 6L40 15Z\" fill=\"black\"><\/path><\/g><defs><clippath id=\"clip0\"><rect width=\"48\" height=\"48\" fill=\"white\"><\/rect><\/clippath><\/defs><\/svg><\/div>\n                        <h6 class=\"art-title\">Californiano<\/h6>\n                        <div class=\"art-description art-body-two-font\"><\/div>\n                    <\/div>\n                                    <div class=\"col-md-4 art-item\">\n                        <div class=\"art-icon\"><svg xmlns=\"http:\/\/www.w3.org\/2000\/svg\" width=\"48\" height=\"48\" viewbox=\"0 0 48 48\" fill=\"none\"><rect x=\"2.5\" y=\"12.5\" width=\"19\" height=\"32\" rx=\"5.5\" fill=\"#F6EBE7\" stroke=\"black\"><\/rect><rect x=\"8.5\" y=\"4.5\" width=\"7\" height=\"8\" fill=\"white\" stroke=\"black\"><\/rect><rect x=\"4\" y=\"4\" width=\"4\" height=\"1\" fill=\"black\"><\/rect><path d=\"M26.768 6.1805C26.6597 5.28703 27.3571 4.5 28.2571 4.5H43.7429C44.6429 4.5 45.3403 5.28703 45.232 6.1805L41.7169 35.1805C41.6256 35.9336 40.9864 36.5 40.2278 36.5H31.7722C31.0136 36.5 30.3744 35.9336 30.2831 35.1805L26.768 6.1805Z\" fill=\"#F6EBE7\" stroke=\"black\"><\/path><path d=\"M30.928 8.375L33.0719 26.0625\" stroke=\"black\"><\/path><path d=\"M32.5 36.5H39.5V44.5H32.5V36.5Z\" stroke=\"black\"><\/path><rect x=\"2.5\" y=\"20.5\" width=\"9\" height=\"15\" fill=\"white\" stroke=\"black\"><\/rect><\/svg><\/div>\n                        <h6 class=\"art-title\">Lomi-Lomi<\/h6>\n                        <div class=\"art-description art-body-two-font\"><\/div>\n                    <\/div>\n                                    <div class=\"col-md-4 art-item\">\n                        <div class=\"art-icon\"><svg xmlns=\"http:\/\/www.w3.org\/2000\/svg\" width=\"48\" height=\"48\" viewbox=\"0 0 48 48\" fill=\"none\"><path d=\"M10.2461 39.7502L19.3238 19.5H24H28.6762L37.7539 39.7502C39.3851 43.389 36.7228 47.5 32.7351 47.5H15.2649C11.2772 47.5 8.61493 43.389 10.2461 39.7502Z\" fill=\"#F6EBE7\" stroke=\"black\"><\/path><path d=\"M18.5 26.5L18 25.5L18.5 23.5L19.5 21.5H28.5L29 22L29.5 23.5L30 25V26V27.5L28.5 28L26.5 27.5L25.5 27L24.5 25.5H22.5H20L18.5 26.5Z\" fill=\"white\"><\/path><rect x=\"20\" y=\"14\" width=\"8\" height=\"11\" fill=\"white\"><\/rect><path d=\"M19.5 19V13.5H28.5V19\" stroke=\"black\"><\/path><rect x=\"17.5\" y=\"10.5\" width=\"13\" height=\"3\" fill=\"white\" stroke=\"black\"><\/rect><path d=\"M15.5 27.5C17.3333 26.6667 21.4 25.1 23 25.5C25 26 27 30.5 31.5 26.5\" stroke=\"black\"><\/path><path d=\"M24 34.8166C22.64 33.2166 20 34.0966 20 36.3366C20 38.5766 22.4 39.6966 24 41.2966C25.6 39.6966 28 38.5766 28 36.3366C28 34.0966 25.36 33.2166 24 34.8166Z\" fill=\"white\" stroke=\"black\" stroke-miterlimit=\"10\"><\/path><circle cx=\"38.5\" cy=\"10.5\" r=\"2\" fill=\"#F6EBE7\" stroke=\"black\"><\/circle><circle cx=\"28.5\" cy=\"2.5\" r=\"2\" fill=\"#F6EBE7\" stroke=\"black\"><\/circle><\/svg><\/div>\n                        <h6 class=\"art-title\">  Masaje con ventosas<\/h6>\n                        <div class=\"art-description art-body-two-font\"><\/div>\n                    <\/div>\n                                    <div class=\"col-md-4 art-item\">\n                        <div class=\"art-icon\"><svg xmlns=\"http:\/\/www.w3.org\/2000\/svg\" width=\"48\" height=\"48\" viewbox=\"0 0 48 48\" fill=\"none\"><circle cx=\"24\" cy=\"15.5\" r=\"14.5\" fill=\"#F6EBE7\" stroke=\"black\"><\/circle><path d=\"M43 14.5C43 24.9934 34.4934 33.5 24 33.5C13.5066 33.5 5 24.9934 5 14.5\" stroke=\"black\"><\/path><rect x=\"22.5\" y=\"33.5\" width=\"3\" height=\"7\" fill=\"white\" stroke=\"black\"><\/rect><path d=\"M15.5275 44.5C15.7762 42.25 17.6837 40.5 20 40.5H28C30.3163 40.5 32.2238 42.25 32.4725 44.5H15.5275Z\" fill=\"white\" stroke=\"black\"><\/path><circle cx=\"5\" cy=\"16\" r=\"1.5\" fill=\"white\" stroke=\"black\"><\/circle><circle cx=\"43\" cy=\"16\" r=\"1.5\" fill=\"white\" stroke=\"black\"><\/circle><path d=\"M31 8.5L26.5 12.5\" stroke=\"black\"><\/path><path d=\"M32 12.5L29 15.5\" stroke=\"black\"><\/path><\/svg><\/div>\n                        <h6 class=\"art-title\">Aromaterapia<\/h6>\n                        <div class=\"art-description art-body-two-font\"><\/div>\n                    <\/div>\n                            <\/div>\n\n        \t\t\t\t<\/div>\n\t\t\t\t<\/div>\n\t\t\t\t<div class=\"elementor-element elementor-element-e9ddc37 content-align-center elementor-widget elementor-widget-art-light-button\" data-id=\"e9ddc37\" data-element_type=\"widget\" data-widget_type=\"art-light-button.default\">\n\t\t\t\t<div class=\"elementor-widget-container\">\n\t\t\t\t\t\n\n        \n                <div class=\"art-widget-button art--aliment-center art--aliment-tablet- art--aliment-mobile-\">\n                    <a href=\"https:\/\/cliniqueluan.com\/es\/techniques\/\" class=\"art-button art-button-light\">T\u00c9CNICAS<\/a>\n                <\/div>\n\n                \n\n\n\n\n\n\n\n\t\t\t\t\t\t<\/div>\n\t\t\t\t<\/div>\n\t\t\t\t\t<\/div>\n\t\t<\/div>\n\t\t\t\t\t<\/div>\n\t\t<\/section>\n\t\t\t\t<section class=\"elementor-section elementor-top-section elementor-element elementor-element-eaa711f elementor-section-boxed elementor-section-height-default elementor-section-height-default\" data-id=\"eaa711f\" data-element_type=\"section\">\n\t\t\t\t\t\t\t<div class=\"elementor-background-overlay\"><\/div>\n\t\t\t\t\t\t\t<div class=\"elementor-container elementor-column-gap-default\">\n\t\t\t\t\t<div class=\"elementor-column elementor-col-50 elementor-top-column elementor-element elementor-element-fbeade0\" data-id=\"fbeade0\" data-element_type=\"column\">\n\t\t\t<div class=\"elementor-widget-wrap elementor-element-populated\">\n\t\t\t\t\t\t<div class=\"elementor-element elementor-element-874e2d2 elementor-widget elementor-widget-image\" data-id=\"874e2d2\" data-element_type=\"widget\" data-widget_type=\"image.default\">\n\t\t\t\t<div class=\"elementor-widget-container\">\n\t\t\t\t\t\t\t\t\t\t\t\t\t\t\t<img fetchpriority=\"high\" decoding=\"async\" width=\"768\" height=\"1024\" src=\"https:\/\/cliniqueluan.com\/wp-content\/uploads\/2024\/01\/20230308_133349-768x1024.jpg\" class=\"attachment-large size-large wp-image-4161\" alt=\"\" srcset=\"https:\/\/cliniqueluan.com\/wp-content\/uploads\/2024\/01\/20230308_133349-768x1024.jpg 768w, https:\/\/cliniqueluan.com\/wp-content\/uploads\/2024\/01\/20230308_133349-225x300.jpg 225w, https:\/\/cliniqueluan.com\/wp-content\/uploads\/2024\/01\/20230308_133349-1152x1536.jpg 1152w, https:\/\/cliniqueluan.com\/wp-content\/uploads\/2024\/01\/20230308_133349-1536x2048.jpg 1536w, https:\/\/cliniqueluan.com\/wp-content\/uploads\/2024\/01\/20230308_133349-600x800.jpg 600w, https:\/\/cliniqueluan.com\/wp-content\/uploads\/2024\/01\/20230308_133349-120x160.jpg 120w, https:\/\/cliniqueluan.com\/wp-content\/uploads\/2024\/01\/20230308_133349-scaled.jpg 1920w\" sizes=\"(max-width: 768px) 100vw, 768px\" \/>\t\t\t\t\t\t\t\t\t\t\t\t\t\t\t<\/div>\n\t\t\t\t<\/div>\n\t\t\t\t\t<\/div>\n\t\t<\/div>\n\t\t\t\t<div class=\"elementor-column elementor-col-50 elementor-top-column elementor-element elementor-element-a51993b\" data-id=\"a51993b\" data-element_type=\"column\">\n\t\t\t<div class=\"elementor-widget-wrap elementor-element-populated\">\n\t\t\t\t\t\t<div class=\"elementor-element elementor-element-3ed80e3 elementor-widget elementor-widget-heading\" data-id=\"3ed80e3\" data-element_type=\"widget\" data-widget_type=\"heading.default\">\n\t\t\t\t<div class=\"elementor-widget-container\">\n\t\t\t\t\t<h2 class=\"elementor-heading-title elementor-size-default\">Nuestra historia<\/h2>\t\t\t\t<\/div>\n\t\t\t\t<\/div>\n\t\t\t\t<div class=\"elementor-element elementor-element-4ec737a elementor-widget elementor-widget-text-editor\" data-id=\"4ec737a\" data-element_type=\"widget\" data-widget_type=\"text-editor.default\">\n\t\t\t\t<div class=\"elementor-widget-container\">\n\t\t\t\t\t\t\t\t\t<p class=\"translation-block\">Despu\u00e9s de pasar muchos a\u00f1os en el mundo corporativo, me di cuenta de que necesitaba encontrar un nuevo enfoque hacia la salud y el bienestar que me permitiera conectar m\u00e1s profundamente con mis emociones y mi cuerpo. Esto me llev\u00f3 a descubrir la masoterapia, y r\u00e1pidamente me enamor\u00e9 de la pr\u00e1ctica.\n\nRecib\u00ed mi formaci\u00f3n en la Acad\u00e9mie de massage scientifique en Montreal, QC, donde adquir\u00ed un amplio entendimiento de la anatom\u00eda, la fisiolog\u00eda y las t\u00e9cnicas utilizadas en la masoterapia. Me especializo en el masaje sueco internacional, enfocado en la relajaci\u00f3n y la disminuci\u00f3n de la tensi\u00f3n muscular, as\u00ed como en la aromaterapia para potenciar los beneficios terap\u00e9uticos del masaje.\n\nComo miembro del RMPQ (R\u00e9seau des massoth\u00e9rapeutes professionnels du Qu\u00e9bec), estoy comprometido a proporcionar el m\u00e1s alto nivel de cuidado a mis clientes. Creo que la masoterapia no es solo sobre la curaci\u00f3n f\u00edsica, sino tambi\u00e9n sobre crear un espacio seguro y nutritivo donde los clientes puedan conectar con sus cuerpos y emociones, y experimentar un sentido m\u00e1s profundo de bienestar.\n\nEstoy dedicado a proporcionar un excelente servicio al cliente y a crear un ambiente c\u00f3modo y relajante para todos mis clientes. Ya sea que busques relajarte despu\u00e9s de un largo d\u00eda, aliviar la tensi\u00f3n muscular o simplemente conectarte con tus sentidos, te invito a experimentar el poder transformador de la masoterapia en Massoth\u00e9rapie LUAN.<\/p>\t\t\t\t\t\t\t\t<\/div>\n\t\t\t\t<\/div>\n\t\t\t\t\t<\/div>\n\t\t<\/div>\n\t\t\t\t\t<\/div>\n\t\t<\/section>\n\t\t\t\t<section class=\"elementor-section elementor-top-section elementor-element elementor-element-4289888 elementor-reverse-mobile elementor-section-boxed elementor-section-height-default elementor-section-height-default\" data-id=\"4289888\" data-element_type=\"section\" data-settings=\"{&quot;background_background&quot;:&quot;classic&quot;}\">\n\t\t\t\t\t\t\t<div class=\"elementor-background-overlay\"><\/div>\n\t\t\t\t\t\t\t<div class=\"elementor-container elementor-column-gap-default\">\n\t\t\t\t\t<div class=\"elementor-column elementor-col-50 elementor-top-column elementor-element elementor-element-76dee88\" data-id=\"76dee88\" data-element_type=\"column\">\n\t\t\t<div class=\"elementor-widget-wrap elementor-element-populated\">\n\t\t\t\t\t\t<div class=\"elementor-element elementor-element-c8b622f elementor-widget elementor-widget-heading\" data-id=\"c8b622f\" data-element_type=\"widget\" data-widget_type=\"heading.default\">\n\t\t\t\t<div class=\"elementor-widget-container\">\n\t\t\t\t\t<h2 class=\"elementor-heading-title elementor-size-default\">NUESTRO COMPROMISO\n<\/h2>\t\t\t\t<\/div>\n\t\t\t\t<\/div>\n\t\t\t\t<div class=\"elementor-element elementor-element-148ca95 elementor-widget elementor-widget-text-editor\" data-id=\"148ca95\" data-element_type=\"widget\" data-widget_type=\"text-editor.default\">\n\t\t\t\t<div class=\"elementor-widget-container\">\n\t\t\t\t\t\t\t\t\t<section class=\"elementor-section elementor-top-section elementor-element elementor-element-01c3abc elementor-section-boxed elementor-section-height-default elementor-section-height-default\" data-id=\"01c3abc\" data-element_type=\"section\"><div class=\"elementor-container elementor-column-gap-default\"><div class=\"elementor-column elementor-col-100 elementor-top-column elementor-element elementor-element-966e10f\" data-id=\"966e10f\" data-element_type=\"column\"><div class=\"elementor-widget-wrap elementor-element-populated\"><div class=\"elementor-element elementor-element-f47f779 elementor-widget elementor-widget-text-editor\" data-id=\"f47f779\" data-element_type=\"widget\" data-widget_type=\"text-editor.default\"><div class=\"elementor-widget-container\"><div class=\"ppb_header_content\"><h5>En la Cl\u00ednica LUAN, nuestro compromiso es brindar a nuestros clientes un servicio excepcional y personalizado. Nos esforzamos por crear una atm\u00f3sfera tranquila y acogedora, donde nuestros clientes puedan relajarse y rejuvenecer. Nuestro equipo de terapeutas capacitados est\u00e1 dedicado a ofrecer la m\u00e1s alta calidad de cuidado, utilizando solo los mejores productos y t\u00e9cnicas. Estamos comprometidos a ayudar a nuestros clientes a alcanzar sus objetivos de bienestar y a que se vayan sinti\u00e9ndose refrescados y revitalizados.<\/h5><\/div><\/div><\/div><\/div><\/div><\/div><\/section><section class=\"elementor-section elementor-top-section elementor-element elementor-element-653b597 elementor-section-boxed elementor-section-height-default elementor-section-height-default\" data-id=\"653b597\" data-element_type=\"section\"><\/section>\t\t\t\t\t\t\t\t<\/div>\n\t\t\t\t<\/div>\n\t\t\t\t<div class=\"elementor-element elementor-element-c548374 content-align-left content-align--mobilecenter elementor-widget elementor-widget-art-light-button\" data-id=\"c548374\" data-element_type=\"widget\" data-widget_type=\"art-light-button.default\">\n\t\t\t\t<div class=\"elementor-widget-container\">\n\t\t\t\t\t\n\n        \n                <div class=\"art-widget-button art--aliment-left art--aliment-tablet- art--aliment-mobile-center\">\n                    <a href=\"https:\/\/cliniqueluan.com\/es\/contact-us\/\" class=\"art-button art-button-light\">Cont\u00e1ctanos<\/a>\n                <\/div>\n\n                \n\n\n\n\n\n\n\n\t\t\t\t\t\t<\/div>\n\t\t\t\t<\/div>\n\t\t\t\t\t<\/div>\n\t\t<\/div>\n\t\t\t\t<div class=\"elementor-column elementor-col-50 elementor-top-column elementor-element elementor-element-f61f840\" data-id=\"f61f840\" data-element_type=\"column\">\n\t\t\t<div class=\"elementor-widget-wrap elementor-element-populated\">\n\t\t\t\t\t\t<div class=\"elementor-element elementor-element-c66926e elementor-widget elementor-widget-image\" data-id=\"c66926e\" data-element_type=\"widget\" data-widget_type=\"image.default\">\n\t\t\t\t<div class=\"elementor-widget-container\">\n\t\t\t\t\t\t\t\t\t\t\t\t\t\t\t<img decoding=\"async\" width=\"833\" height=\"833\" src=\"https:\/\/cliniqueluan.com\/wp-content\/uploads\/2020\/09\/Our-Story-3-1.jpg\" class=\"attachment-large size-large wp-image-3126\" alt=\"\" srcset=\"https:\/\/cliniqueluan.com\/wp-content\/uploads\/2020\/09\/Our-Story-3-1.jpg 833w, https:\/\/cliniqueluan.com\/wp-content\/uploads\/2020\/09\/Our-Story-3-1-600x600.jpg 600w, https:\/\/cliniqueluan.com\/wp-content\/uploads\/2020\/09\/Our-Story-3-1-120x120.jpg 120w, https:\/\/cliniqueluan.com\/wp-content\/uploads\/2020\/09\/Our-Story-3-1-300x300.jpg 300w, https:\/\/cliniqueluan.com\/wp-content\/uploads\/2020\/09\/Our-Story-3-1-150x150.jpg 150w, https:\/\/cliniqueluan.com\/wp-content\/uploads\/2020\/09\/Our-Story-3-1-768x768.jpg 768w\" sizes=\"(max-width: 833px) 100vw, 833px\" \/>\t\t\t\t\t\t\t\t\t\t\t\t\t\t\t<\/div>\n\t\t\t\t<\/div>\n\t\t\t\t\t<\/div>\n\t\t<\/div>\n\t\t\t\t\t<\/div>\n\t\t<\/section>\n\t\t\t\t<\/div>","protected":false},"excerpt":{"rendered":"<p>Techniques Our Story After spending many years in the corporate world, I realized that I needed to find a new approach to health and wellness that would allow me to connect more deeply with my emotions and my body. This led me to discover massage therapy, and I quickly fell in love with the practice.I [&hellip;]<\/p>","protected":false},"author":1,"featured_media":0,"parent":0,"menu_order":0,"comment_status":"closed","ping_status":"closed","template":"elementor-template.php","meta":{"_acf_changed":false,"inline_featured_image":false,"_monsterinsights_skip_tracking":false,"_monsterinsights_sitenote_active":false,"_monsterinsights_sitenote_note":"","_monsterinsights_sitenote_category":0,"footnotes":""},"acf":[],"aioseo_notices":[],"_links":{"self":[{"href":"https:\/\/cliniqueluan.com\/es\/wp-json\/wp\/v2\/pages\/821"}],"collection":[{"href":"https:\/\/cliniqueluan.com\/es\/wp-json\/wp\/v2\/pages"}],"about":[{"href":"https:\/\/cliniqueluan.com\/es\/wp-json\/wp\/v2\/types\/page"}],"author":[{"embeddable":true,"href":"https:\/\/cliniqueluan.com\/es\/wp-json\/wp\/v2\/users\/1"}],"replies":[{"embeddable":true,"href":"https:\/\/cliniqueluan.com\/es\/wp-json\/wp\/v2\/comments?post=821"}],"version-history":[{"count":14,"href":"https:\/\/cliniqueluan.com\/es\/wp-json\/wp\/v2\/pages\/821\/revisions"}],"predecessor-version":[{"id":4431,"href":"https:\/\/cliniqueluan.com\/es\/wp-json\/wp\/v2\/pages\/821\/revisions\/4431"}],"wp:attachment":[{"href":"https:\/\/cliniqueluan.com\/es\/wp-json\/wp\/v2\/media?parent=821"}],"curies":[{"name":"wp","href":"https:\/\/api.w.org\/{rel}","templated":true}]}}