{"id":4283,"date":"2024-01-27T06:57:02","date_gmt":"2024-01-27T06:57:02","guid":{"rendered":"http:\/\/cliniqueluan.com\/?page_id=4283"},"modified":"2024-01-27T07:04:16","modified_gmt":"2024-01-27T07:04:16","slug":"techniques","status":"publish","type":"page","link":"https:\/\/cliniqueluan.com\/es\/techniques\/","title":{"rendered":"T\u00e9cnicas"},"content":{"rendered":"<div data-elementor-type=\"wp-page\" data-elementor-id=\"4283\" class=\"elementor elementor-4283\">\n\t\t\t\t<div class=\"elementor-element elementor-element-c05c6db e-flex e-con-boxed e-con e-parent\" data-id=\"c05c6db\" data-element_type=\"container\">\n\t\t\t\t\t<div class=\"e-con-inner\">\n\t\t<div class=\"elementor-element elementor-element-030f93f e-con-full e-flex e-con e-child\" data-id=\"030f93f\" data-element_type=\"container\">\n\t\t\t\t<div class=\"elementor-element elementor-element-632716f elementor-widget elementor-widget-text-editor\" data-id=\"632716f\" data-element_type=\"widget\" data-widget_type=\"text-editor.default\">\n\t\t\t\t<div class=\"elementor-widget-container\">\n\t\t\t\t\t\t\t\t\t<h3 style=\"text-align: center;\"><img fetchpriority=\"high\" decoding=\"async\" class=\"alignnone size-medium wp-image-4167\" src=\"http:\/\/cliniqueluan.com\/wp-content\/uploads\/2024\/01\/20230308_135142-225x300.jpg\" alt=\"\" width=\"225\" height=\"300\" srcset=\"https:\/\/cliniqueluan.com\/wp-content\/uploads\/2024\/01\/20230308_135142-225x300.jpg 225w, https:\/\/cliniqueluan.com\/wp-content\/uploads\/2024\/01\/20230308_135142-768x1024.jpg 768w, https:\/\/cliniqueluan.com\/wp-content\/uploads\/2024\/01\/20230308_135142-1152x1536.jpg 1152w, https:\/\/cliniqueluan.com\/wp-content\/uploads\/2024\/01\/20230308_135142-1536x2048.jpg 1536w, https:\/\/cliniqueluan.com\/wp-content\/uploads\/2024\/01\/20230308_135142-600x800.jpg 600w, https:\/\/cliniqueluan.com\/wp-content\/uploads\/2024\/01\/20230308_135142-120x160.jpg 120w, https:\/\/cliniqueluan.com\/wp-content\/uploads\/2024\/01\/20230308_135142-scaled.jpg 1920w\" sizes=\"(max-width: 225px) 100vw, 225px\" \/><\/h3><h3 style=\"text-align: center;\">Masaje Sueco Internacional\u00ae<\/h3><p style=\"text-align: center;\">El masaje sueco es una t\u00e9cnica vers\u00e1til que ofrece muchos beneficios. Tanto tonificante como relajante para los m\u00fasculos, esta t\u00e9cnica tambi\u00e9n aumenta el flujo sangu\u00edneo y linf\u00e1tico, as\u00ed como la eliminaci\u00f3n de toxinas. Puede ser practicada tanto con fines terap\u00e9uticos como de relajaci\u00f3n. El masajista adaptar\u00e1 el ritmo y la profundidad de sus procedimientos seg\u00fan las necesidades del cliente.<\/p>\t\t\t\t\t\t\t\t<\/div>\n\t\t\t\t<\/div>\n\t\t\t\t<\/div>\n\t\t<div class=\"elementor-element elementor-element-373547e e-con-full e-flex e-con e-child\" data-id=\"373547e\" data-element_type=\"container\">\n\t\t\t\t<div class=\"elementor-element elementor-element-6d2aa44 elementor-widget elementor-widget-text-editor\" data-id=\"6d2aa44\" data-element_type=\"widget\" data-widget_type=\"text-editor.default\">\n\t\t\t\t<div class=\"elementor-widget-container\">\n\t\t\t\t\t\t\t\t\t<p><img decoding=\"async\" class=\"size-medium wp-image-4181 aligncenter\" src=\"http:\/\/cliniqueluan.com\/wp-content\/uploads\/2024\/01\/20230308_140818-225x300.jpg\" alt=\"\" width=\"225\" height=\"300\" srcset=\"https:\/\/cliniqueluan.com\/wp-content\/uploads\/2024\/01\/20230308_140818-225x300.jpg 225w, https:\/\/cliniqueluan.com\/wp-content\/uploads\/2024\/01\/20230308_140818-768x1024.jpg 768w, https:\/\/cliniqueluan.com\/wp-content\/uploads\/2024\/01\/20230308_140818-1152x1536.jpg 1152w, https:\/\/cliniqueluan.com\/wp-content\/uploads\/2024\/01\/20230308_140818-1536x2048.jpg 1536w, https:\/\/cliniqueluan.com\/wp-content\/uploads\/2024\/01\/20230308_140818-600x800.jpg 600w, https:\/\/cliniqueluan.com\/wp-content\/uploads\/2024\/01\/20230308_140818-120x160.jpg 120w, https:\/\/cliniqueluan.com\/wp-content\/uploads\/2024\/01\/20230308_140818-scaled.jpg 1920w\" sizes=\"(max-width: 225px) 100vw, 225px\" \/><\/p><h3 class=\"elementor-image-box-title elementor-inline-editing pen\" style=\"text-align: center;\" contenteditable=\"true\" data-elementor-setting-key=\"title_text\" data-elementor-inline-editing-toolbar=\"none\" data-pen-placeholder=\"Type Here...\">Californiano<\/h3><p style=\"text-align: center;\">El masaje californiano se caracteriza por sus movimientos largos, fluidos y suaves que esculpen y envuelven el cuerpo, permitiendo al cliente reclamarlo y tomar conciencia de \u00e9l. Durante el tratamiento, el masajista, que act\u00faa como una presencia tranquilizadora, siempre mantiene contacto directo con el cliente. Permite al cliente aliviar el estr\u00e9s, centrarse y relajarse profundamente.<\/p>\t\t\t\t\t\t\t\t<\/div>\n\t\t\t\t<\/div>\n\t\t\t\t<\/div>\n\t\t\t\t\t<\/div>\n\t\t\t\t<\/div>\n\t\t<div class=\"elementor-element elementor-element-4c01e06 e-flex e-con-boxed e-con e-parent\" data-id=\"4c01e06\" data-element_type=\"container\">\n\t\t\t\t\t<div class=\"e-con-inner\">\n\t\t<div class=\"elementor-element elementor-element-51217ce e-con-full e-flex e-con e-child\" data-id=\"51217ce\" data-element_type=\"container\">\n\t\t\t\t<div class=\"elementor-element elementor-element-13cd921 elementor-widget elementor-widget-text-editor\" data-id=\"13cd921\" data-element_type=\"widget\" data-widget_type=\"text-editor.default\">\n\t\t\t\t<div class=\"elementor-widget-container\">\n\t\t\t\t\t\t\t\t\t<h3 style=\"text-align: center;\"><img decoding=\"async\" class=\"alignnone size-medium wp-image-4174 aligncenter\" src=\"http:\/\/cliniqueluan.com\/wp-content\/uploads\/2024\/01\/20230308_135404-225x300.jpg\" alt=\"\" width=\"225\" height=\"300\" srcset=\"https:\/\/cliniqueluan.com\/wp-content\/uploads\/2024\/01\/20230308_135404-225x300.jpg 225w, https:\/\/cliniqueluan.com\/wp-content\/uploads\/2024\/01\/20230308_135404-768x1024.jpg 768w, https:\/\/cliniqueluan.com\/wp-content\/uploads\/2024\/01\/20230308_135404-1152x1536.jpg 1152w, https:\/\/cliniqueluan.com\/wp-content\/uploads\/2024\/01\/20230308_135404-1536x2048.jpg 1536w, https:\/\/cliniqueluan.com\/wp-content\/uploads\/2024\/01\/20230308_135404-600x800.jpg 600w, https:\/\/cliniqueluan.com\/wp-content\/uploads\/2024\/01\/20230308_135404-120x160.jpg 120w, https:\/\/cliniqueluan.com\/wp-content\/uploads\/2024\/01\/20230308_135404-scaled.jpg 1920w\" sizes=\"(max-width: 225px) 100vw, 225px\" \/><br \/>Lomi-Lomi<\/h3><p style=\"text-align: center;\">Originario de la isla de Haw\u00e1i, el masaje lomi-lomi era tradicionalmente practicado por maestros curanderos que buscaban recrear la armon\u00eda de los cuatro elementos y facilitar el paso entre las diferentes fases de la vida en las personas que se beneficiaban de este tratamiento. Imitando el movimiento de las olas, este masaje te llevar\u00e1 a una profunda relajaci\u00f3n del cuerpo y la mente.<\/p>\t\t\t\t\t\t\t\t<\/div>\n\t\t\t\t<\/div>\n\t\t\t\t<\/div>\n\t\t<div class=\"elementor-element elementor-element-15c91aa e-con-full e-flex e-con e-child\" data-id=\"15c91aa\" data-element_type=\"container\">\n\t\t\t\t<div class=\"elementor-element elementor-element-7c47d0f elementor-widget elementor-widget-text-editor\" data-id=\"7c47d0f\" data-element_type=\"widget\" data-widget_type=\"text-editor.default\">\n\t\t\t\t<div class=\"elementor-widget-container\">\n\t\t\t\t\t\t\t\t\t<p style=\"text-align: center;\"><img loading=\"lazy\" decoding=\"async\" class=\"alignnone size-medium wp-image-4183\" src=\"http:\/\/cliniqueluan.com\/wp-content\/uploads\/2024\/01\/20230308_141703-225x300.jpg\" alt=\"\" width=\"225\" height=\"300\" srcset=\"https:\/\/cliniqueluan.com\/wp-content\/uploads\/2024\/01\/20230308_141703-225x300.jpg 225w, https:\/\/cliniqueluan.com\/wp-content\/uploads\/2024\/01\/20230308_141703-768x1024.jpg 768w, https:\/\/cliniqueluan.com\/wp-content\/uploads\/2024\/01\/20230308_141703-1152x1536.jpg 1152w, https:\/\/cliniqueluan.com\/wp-content\/uploads\/2024\/01\/20230308_141703-1536x2048.jpg 1536w, https:\/\/cliniqueluan.com\/wp-content\/uploads\/2024\/01\/20230308_141703-600x800.jpg 600w, https:\/\/cliniqueluan.com\/wp-content\/uploads\/2024\/01\/20230308_141703-120x160.jpg 120w, https:\/\/cliniqueluan.com\/wp-content\/uploads\/2024\/01\/20230308_141703-scaled.jpg 1920w\" sizes=\"(max-width: 225px) 100vw, 225px\" \/>\u00a0<\/p><p style=\"text-align: center;\"><strong>Masaje con ventosas<\/strong><\/p><p style=\"text-align: center;\">El masaje californiano se caracteriza por sus movimientos largos, fluidos y suaves que esculpen y envuelven el cuerpo, permitiendo al cliente reclamarlo y tomar conciencia de \u00e9l. Durante el tratamiento, el masajista, que act\u00faa como una presencia tranquilizadora, siempre mantiene contacto directo con el cliente. Permite al cliente aliviar el estr\u00e9s, centrarse y relajarse profundamente.<\/p>\t\t\t\t\t\t\t\t<\/div>\n\t\t\t\t<\/div>\n\t\t\t\t<\/div>\n\t\t\t\t\t<\/div>\n\t\t\t\t<\/div>\n\t\t<div class=\"elementor-element elementor-element-8bbc227 e-flex e-con-boxed e-con e-parent\" data-id=\"8bbc227\" data-element_type=\"container\">\n\t\t\t\t\t<div class=\"e-con-inner\">\n\t\t<div class=\"elementor-element elementor-element-dacd30d e-con-full e-flex e-con e-child\" data-id=\"dacd30d\" data-element_type=\"container\">\n\t\t\t\t<div class=\"elementor-element elementor-element-8750eba elementor-widget elementor-widget-text-editor\" data-id=\"8750eba\" data-element_type=\"widget\" data-widget_type=\"text-editor.default\">\n\t\t\t\t<div class=\"elementor-widget-container\">\n\t\t\t\t\t\t\t\t\t<h3><img loading=\"lazy\" decoding=\"async\" class=\"size-full wp-image-4291 aligncenter\" src=\"http:\/\/cliniqueluan.com\/wp-content\/uploads\/2024\/01\/Aromatherapy.jpg\" alt=\"\" width=\"300\" height=\"205\" srcset=\"https:\/\/cliniqueluan.com\/wp-content\/uploads\/2024\/01\/Aromatherapy.jpg 300w, https:\/\/cliniqueluan.com\/wp-content\/uploads\/2024\/01\/Aromatherapy-120x82.jpg 120w\" sizes=\"(max-width: 300px) 100vw, 300px\" \/><\/h3><h3 style=\"text-align: center;\">Aromaterapia<\/h3><p style=\"text-align: center;\">Los aceites esenciales tienen diferentes propiedades dependiendo de las plantas de las que provienen. Al integrarlos con la masoterapia, la efectividad del cuidado puede aumentarse, gracias a la sinergia entre ambos. Debido a sus efectos analg\u00e9sicos, anest\u00e9sicos, antiespasm\u00f3dicos y antiinflamatorios, se utilizan en el campo fisiol\u00f3gico para aliviar dolores musculares, articulares y reum\u00e1ticos.<\/p>\t\t\t\t\t\t\t\t<\/div>\n\t\t\t\t<\/div>\n\t\t\t\t<\/div>\n\t\t<div class=\"elementor-element elementor-element-40e1ee3 e-con-full e-flex e-con e-child\" data-id=\"40e1ee3\" data-element_type=\"container\">\n\t\t\t\t<\/div>\n\t\t\t\t\t<\/div>\n\t\t\t\t<\/div>\n\t\t\t\t<\/div>","protected":false},"excerpt":{"rendered":"<p>International Swedish Massage\u00ae The Swedish massage is a versatile technique providing many benefits. Both toning and relaxing for muscles, this technique also increases blood and lymphatic flow as well as toxins\u2019 elimination. It can be practiced both for therapeutic or relaxation purposes. The massage therapist will tailor the rhythm and depth of his procedures according [&hellip;]<\/p>","protected":false},"author":1,"featured_media":0,"parent":0,"menu_order":0,"comment_status":"closed","ping_status":"closed","template":"","meta":{"_acf_changed":false,"inline_featured_image":false,"_monsterinsights_skip_tracking":false,"_monsterinsights_sitenote_active":false,"_monsterinsights_sitenote_note":"","_monsterinsights_sitenote_category":0,"footnotes":""},"acf":[],"aioseo_notices":[],"_links":{"self":[{"href":"https:\/\/cliniqueluan.com\/es\/wp-json\/wp\/v2\/pages\/4283"}],"collection":[{"href":"https:\/\/cliniqueluan.com\/es\/wp-json\/wp\/v2\/pages"}],"about":[{"href":"https:\/\/cliniqueluan.com\/es\/wp-json\/wp\/v2\/types\/page"}],"author":[{"embeddable":true,"href":"https:\/\/cliniqueluan.com\/es\/wp-json\/wp\/v2\/users\/1"}],"replies":[{"embeddable":true,"href":"https:\/\/cliniqueluan.com\/es\/wp-json\/wp\/v2\/comments?post=4283"}],"version-history":[{"count":10,"href":"https:\/\/cliniqueluan.com\/es\/wp-json\/wp\/v2\/pages\/4283\/revisions"}],"predecessor-version":[{"id":4294,"href":"https:\/\/cliniqueluan.com\/es\/wp-json\/wp\/v2\/pages\/4283\/revisions\/4294"}],"wp:attachment":[{"href":"https:\/\/cliniqueluan.com\/es\/wp-json\/wp\/v2\/media?parent=4283"}],"curies":[{"name":"wp","href":"https:\/\/api.w.org\/{rel}","templated":true}]}}